{"id":4745,"date":"2025-12-20T01:54:54","date_gmt":"2025-12-19T23:54:54","guid":{"rendered":"https:\/\/www.gremidegaratges.com\/nueva-mobilidad\/"},"modified":"2026-03-30T23:37:05","modified_gmt":"2026-03-30T21:37:05","slug":"nueva-mobilidad","status":"publish","type":"page","link":"https:\/\/www.gremidegaratges.com\/es\/nueva-mobilidad\/","title":{"rendered":"Nueva Mobilidad"},"content":{"rendered":"\t\t<div data-elementor-type=\"wp-page\" data-elementor-id=\"4745\" class=\"elementor elementor-4745 elementor-172\">\n\t\t\t\t<div class=\"elementor-element elementor-element-63efd195 e-con-full e-flex e-con e-parent\" data-id=\"63efd195\" data-element_type=\"container\" data-e-type=\"container\">\n\t\t<div class=\"elementor-element elementor-element-5e0b6024 e-con-full e-flex e-con e-child\" data-id=\"5e0b6024\" data-element_type=\"container\" data-e-type=\"container\">\n\t\t\t\t<div class=\"elementor-element elementor-element-61814e66 elementor-widget__width-initial elementor-widget elementor-widget-heading\" data-id=\"61814e66\" data-element_type=\"widget\" data-e-type=\"widget\" data-widget_type=\"heading.default\">\n\t\t\t\t\t<div class=\"elementor-heading-title elementor-size-default\">Gremio de Garajes de Barcelona y Provincia<\/div>\t\t\t\t<\/div>\n\t\t\t\t<div class=\"elementor-element elementor-element-b110eda elementor-widget__width-initial elementor-widget elementor-widget-heading\" data-id=\"b110eda\" data-element_type=\"widget\" data-e-type=\"widget\" data-widget_type=\"heading.default\">\n\t\t\t\t\t<div class=\"elementor-heading-title elementor-size-default\">La nueva movilidad<\/div>\t\t\t\t<\/div>\n\t\t\t\t<div class=\"elementor-element elementor-element-324ed21f elementor-widget__width-initial elementor-widget elementor-widget-text-editor\" data-id=\"324ed21f\" data-element_type=\"widget\" data-e-type=\"widget\" data-widget_type=\"text-editor.default\">\n\t\t\t\t\t\t\t\t\t<p>La nueva movilidad urbana est\u00e1 redefiniendo profundamente el papel de los garajes y los aparcamientos. La evoluci\u00f3n de los h\u00e1bitos de desplazamiento, la irrupci\u00f3n de nuevos veh\u00edculos y servicios y el objetivo compartido de reducir la congesti\u00f3n y la contaminaci\u00f3n han convertido estos espacios en nodos estrat\u00e9gicos para el ecosistema de la movilidad. En este contexto, los aparcamientos dejan de ser simples puntos de estacionamiento para convertirse en infraestructuras activas, capaces de ordenar flujos, facilitar la intermodalidad y dar soporte a una movilidad m\u00e1s racional y eficiente.<\/p>\n\t\t\t\t\t\t\t\t<\/div>\n\t\t\t\t<\/div>\n\t\t\t\t<\/div>\n\t\t<div class=\"elementor-element elementor-element-bf108bc e-con-full e-flex e-con e-parent\" data-id=\"bf108bc\" data-element_type=\"container\" data-e-type=\"container\" data-settings=\"{&quot;background_background&quot;:&quot;classic&quot;}\">\n\t\t\t\t<\/div>\n\t\t<div class=\"elementor-element elementor-element-73ed93a e-con-full e-flex e-con e-parent\" data-id=\"73ed93a\" data-element_type=\"container\" data-e-type=\"container\">\n\t\t<div class=\"elementor-element elementor-element-370c1269 e-con-full e-flex e-con e-child\" data-id=\"370c1269\" data-element_type=\"container\" data-e-type=\"container\">\n\t\t\t\t<div class=\"elementor-element elementor-element-3ae0697f elementor-widget__width-initial elementor-widget elementor-widget-text-editor\" data-id=\"3ae0697f\" data-element_type=\"widget\" data-e-type=\"widget\" data-widget_type=\"text-editor.default\">\n\t\t\t\t\t\t\t\t\t<p>Este cambio de paradigma ha impulsado la incorporaci\u00f3n de una nueva generaci\u00f3n de servicios y usos que responden a las necesidades actuales de los usuarios y del territorio. Los garajes se est\u00e1n transformando en espacios multifuncionales que integran aparcamiento para motos, bicicletas y veh\u00edculos asociados a la nueva movilidad; zonas de carga y descarga de mercanc\u00edas de peque\u00f1o volumen; puntos de distribuci\u00f3n de \u00faltima milla mediante consignas inteligentes y refrigeradas; o servicios de movilidad compartida como car sharing, alquiler de bicicletas y patinetes. Esta ampliaci\u00f3n de funciones convierte el garaje en un aut\u00e9ntico hub urbano capaz de absorber y ordenar actividades que, hasta ahora, ocupaban de forma dispersa el espacio p\u00fablico. <\/p>\n<p> La implantaci\u00f3n de estos nuevos usos va acompa\u00f1ada de un proceso de modernizaci\u00f3n tecnol\u00f3gica que est\u00e1 cambiando la forma en que se gestionan y operan las instalaciones. La digitalizaci\u00f3n, impulsada por grandes tendencias como el internet de las cosas, el big data o la inteligencia artificial, permite disponer de informaci\u00f3n en tiempo real, optimizar la demanda, facilitar la reserva y el uso din\u00e1mico de plazas o automatizar el acceso y el pago.<\/p>\n\t\t\t\t\t\t\t\t<\/div>\n\t\t\t\t<div class=\"elementor-element elementor-element-191a24fc elementor-widget__width-initial elementor-widget elementor-widget-text-editor\" data-id=\"191a24fc\" data-element_type=\"widget\" data-e-type=\"widget\" data-widget_type=\"text-editor.default\">\n\t\t\t\t\t\t\t\t\t<p>Estas herramientas mejoran la eficiencia global del servicio y reducen la necesidad de desplazamientos innecesarios dentro de la ciudad, con un impacto directo en la movilidad y el medio ambiente.<br \/>\nAdem\u00e1s, los aparcamientos est\u00e1n asumiendo un papel relevante en la transici\u00f3n hacia el veh\u00edculo el\u00e9ctrico, incrementando progresivamente su oferta de puntos de recarga y prepar\u00e1ndose para las necesidades energ\u00e9ticas futuras. Esta funci\u00f3n es clave para garantizar una movilidad descarbonizada y accesible, y refuerza el papel del sector como facilitador de soluciones que contribuyen a los objetivos clim\u00e1ticos y de sostenibilidad urbana.<\/p>\n<p><\/p>\n<p>En definitiva, la suma de nuevos usos, servicios log\u00edsticos e innovaci\u00f3n tecnol\u00f3gica est\u00e1 posicionando a los garajes como un elemento esencial de la ciudad contempor\u00e1nea. Su capacidad de adaptaci\u00f3n e innovaci\u00f3n les permite dar respuesta a los retos de la nueva movilidad y, al mismo tiempo, anticipar las necesidades futuras de una ciudad que requiere espacios flexibles, conectados y orientados a un modelo de movilidad m\u00e1s eficiente, sostenible e inteligente.<\/p>\n\t\t\t\t\t\t\t\t<\/div>\n\t\t\t\t<\/div>\n\t\t\t\t<div class=\"elementor-element elementor-element-7aa8aa9d elementor-align-justify elementor-widget elementor-widget-button\" data-id=\"7aa8aa9d\" data-element_type=\"widget\" data-e-type=\"widget\" data-widget_type=\"button.default\">\n\t\t\t\t\t\t\t\t\t\t<a class=\"elementor-button elementor-button-link elementor-size-sm\" href=\"https:\/\/www.gremidegaratges.com\/wp-content\/uploads\/2026\/01\/DOSSIER-GdG-CAT.pdf\" target=\"_blank\">\n\t\t\t\t\t\t<span class=\"elementor-button-content-wrapper\">\n\t\t\t\t\t\t<span class=\"elementor-button-icon\">\n\t\t\t\t<svg xmlns=\"http:\/\/www.w3.org\/2000\/svg\" width=\"18\" height=\"18\" viewBox=\"0 0 18 18\" fill=\"none\"><path d=\"M17 11.6667V15.2222C17 15.6937 16.8127 16.1459 16.4793 16.4793C16.1459 16.8127 15.6937 17 15.2222 17H2.77778C2.30628 17 1.8541 16.8127 1.5207 16.4793C1.1873 16.1459 1 15.6937 1 15.2222V11.6667M4.55556 7.22222L9 11.6667M9 11.6667L13.4444 7.22222M9 11.6667V1\" stroke=\"#F3F3F3\" stroke-width=\"2\" stroke-linecap=\"round\" stroke-linejoin=\"round\"><\/path><\/svg>\t\t\t<\/span>\n\t\t\t\t\t\t\t\t\t<span class=\"elementor-button-text\">DESCARGA EL DOSIER CORPORATIVO<\/span>\n\t\t\t\t\t<\/span>\n\t\t\t\t\t<\/a>\n\t\t\t\t\t\t\t\t<\/div>\n\t\t\t\t<\/div>\n\t\t<div class=\"elementor-element elementor-element-23b2421 e-con-full e-flex e-con e-parent\" data-id=\"23b2421\" data-element_type=\"container\" data-e-type=\"container\">\n\t\t\t\t<div class=\"elementor-element elementor-element-661e8bd elementor-widget elementor-widget-noticies_grid\" data-id=\"661e8bd\" data-element_type=\"widget\" data-e-type=\"widget\" data-widget_type=\"noticies_grid.default\">\n\t\t\t\t<div class=\"elementor-widget-container\">\n\t\t\t\t\t\t\t\n\t\t<div class=\"noticies-grid-widget\" data-columns=\"3\">\n\t\t\t\t\t\t\t\t\t\t\t\n\t\t\t\t<article class=\"noticia-card\">\n\t\t\t\t\t<div class=\"noticia-card-content\">\n\t\t\t\t\t\t\t\t\t\t\t\t<span class=\"noticia-card-category\">\n\t\t\t\t\t\t\tACTUALIDAD\t\t\t\t\t\t<\/span>\n\t\t\t\t\t\t\t\t\t\t\t\t\n\t\t\t\t\t\t<h3 class=\"noticia-card-title\">\n\t\t\t\t\t\t\t<a href=\"https:\/\/www.gremidegaratges.com\/es\/la-cope-entrevista-el-gremi-de-garatges-sobre-seguretat-als-parquings\/\">La COPE entrevista al Gremio de Garajes sobre la seguridad en los aparcamientos<\/a>\n\t\t\t\t\t\t<\/h3>\n\t\t\t\t\t\t\n\t\t\t\t\t\t<div class=\"noticia-card-date\">\n\t\t\t\t\t\t\t21\/01\/26\t\t\t\t\t\t<\/div>\n\t\t\t\t\t\t\n\t\t\t\t\t\t\t\t\t\t\t\t<div class=\"noticia-card-excerpt\">\n\t\t\t\t\t\t\tLa emisora radiof\u00f3nica COPE ha entrevistado esta semana a Rub\u00e9n Fern\u00e1ndez, gerente del Gremio de Garajes de Barcelona y Provincia, a ra\u00edz de las informaciones sobre la presencia de aparcacoches...\t\t\t\t\t\t<\/div>\n\t\t\t\t\t\t\t\t\t\t\t\t\n\t\t\t\t\t\t<div class=\"noticia-card-footer\">\n\t\t\t\t\t\t\t<div class=\"esb-share-wrapper\">\n\t\t\t\t\t\t\t\t<a class=\"esb-main-button\" href=\"https:\/\/www.gremidegaratges.com\/es\/la-cope-entrevista-el-gremi-de-garatges-sobre-seguretat-als-parquings\/\">\n\t\t\t\t\t\t\t\t\tLEER M\u00c1S\t\t\t\t\t\t\t\t<\/a>\n\t\t\t\t\t\t\t\t<div class=\"esb-socials\">\n\t\t\t\t\t\t\t\t\t<a href=\"https:\/\/www.linkedin.com\/sharing\/share-offsite\/?url=https%3A%2F%2Fwww.gremidegaratges.com%2Fes%2Fla-cope-entrevista-el-gremi-de-garatges-sobre-seguretat-als-parquings%2F\" target=\"_blank\" rel=\"noopener\" aria-label=\"LinkedIn\">in<\/a>\n\t\t\t\t\t\t\t\t\t<a href=\"https:\/\/wa.me\/?text=https%3A%2F%2Fwww.gremidegaratges.com%2Fes%2Fla-cope-entrevista-el-gremi-de-garatges-sobre-seguretat-als-parquings%2F\" target=\"_blank\" rel=\"noopener\" aria-label=\"WhatsApp\">wa<\/a>\n\t\t\t\t\t\t\t\t\t<a href=\"https:\/\/twitter.com\/intent\/tweet?url=https%3A%2F%2Fwww.gremidegaratges.com%2Fes%2Fla-cope-entrevista-el-gremi-de-garatges-sobre-seguretat-als-parquings%2F&text=La+COPE+entrevista+al+Gremio+de+Garajes+sobre+la+seguridad+en+los+aparcamientos\" target=\"_blank\" rel=\"noopener\" aria-label=\"X\">X<\/a>\n\t\t\t\t\t\t\t\t\t<a href=\"mailto:?subject=La+COPE+entrevista+al+Gremio+de+Garajes+sobre+la+seguridad+en+los+aparcamientos&body=https%3A%2F%2Fwww.gremidegaratges.com%2Fes%2Fla-cope-entrevista-el-gremi-de-garatges-sobre-seguretat-als-parquings%2F\" aria-label=\"Email\">@<\/a>\n\t\t\t\t\t\t\t\t<\/div>\n\t\t\t\t\t\t\t<\/div>\n\t\t\t\t\t\t<\/div>\n\t\t\t\t\t<\/div>\n\t\t\t\t<\/article>\n\t\t\t\t\n\t\t\t\t\t\t\t\t\t\t\t\n\t\t\t\t<article class=\"noticia-card\">\n\t\t\t\t\t<div class=\"noticia-card-content\">\n\t\t\t\t\t\t\t\t\t\t\t\t<span class=\"noticia-card-category\">\n\t\t\t\t\t\t\tEL GREMIO\t\t\t\t\t\t<\/span>\n\t\t\t\t\t\t\t\t\t\t\t\t\n\t\t\t\t\t\t<h3 class=\"noticia-card-title\">\n\t\t\t\t\t\t\t<a href=\"https:\/\/www.gremidegaratges.com\/es\/el-gremio-de-garajes-de-barcelona-y-provincia-se-incorpora-a-barcelona-oberta-para-impulsar-una-movilidad-mas-accesible-y-sostenible\/\">El Gremio de Garajes de Barcelona y Provincia se incorpora a Barcelona Oberta para impulsar una movilidad m\u00e1s accesible y sostenible<\/a>\n\t\t\t\t\t\t<\/h3>\n\t\t\t\t\t\t\n\t\t\t\t\t\t<div class=\"noticia-card-date\">\n\t\t\t\t\t\t\t24\/11\/25\t\t\t\t\t\t<\/div>\n\t\t\t\t\t\t\n\t\t\t\t\t\t\t\t\t\t\t\t<div class=\"noticia-card-excerpt\">\n\t\t\t\t\t\t\tEl Gremio de Garajes de Barcelona y Provincia ha pasado a formar parte de Barcelona Oberta como nuevo partner estrat\u00e9gico, con el objetivo de contribuir a una movilidad urbana m\u00e1s...\t\t\t\t\t\t<\/div>\n\t\t\t\t\t\t\t\t\t\t\t\t\n\t\t\t\t\t\t<div class=\"noticia-card-footer\">\n\t\t\t\t\t\t\t<div class=\"esb-share-wrapper\">\n\t\t\t\t\t\t\t\t<a class=\"esb-main-button\" href=\"https:\/\/www.gremidegaratges.com\/es\/el-gremio-de-garajes-de-barcelona-y-provincia-se-incorpora-a-barcelona-oberta-para-impulsar-una-movilidad-mas-accesible-y-sostenible\/\">\n\t\t\t\t\t\t\t\t\tLEER M\u00c1S\t\t\t\t\t\t\t\t<\/a>\n\t\t\t\t\t\t\t\t<div class=\"esb-socials\">\n\t\t\t\t\t\t\t\t\t<a href=\"https:\/\/www.linkedin.com\/sharing\/share-offsite\/?url=https%3A%2F%2Fwww.gremidegaratges.com%2Fes%2Fel-gremio-de-garajes-de-barcelona-y-provincia-se-incorpora-a-barcelona-oberta-para-impulsar-una-movilidad-mas-accesible-y-sostenible%2F\" target=\"_blank\" rel=\"noopener\" aria-label=\"LinkedIn\">in<\/a>\n\t\t\t\t\t\t\t\t\t<a href=\"https:\/\/wa.me\/?text=https%3A%2F%2Fwww.gremidegaratges.com%2Fes%2Fel-gremio-de-garajes-de-barcelona-y-provincia-se-incorpora-a-barcelona-oberta-para-impulsar-una-movilidad-mas-accesible-y-sostenible%2F\" target=\"_blank\" rel=\"noopener\" aria-label=\"WhatsApp\">wa<\/a>\n\t\t\t\t\t\t\t\t\t<a href=\"https:\/\/twitter.com\/intent\/tweet?url=https%3A%2F%2Fwww.gremidegaratges.com%2Fes%2Fel-gremio-de-garajes-de-barcelona-y-provincia-se-incorpora-a-barcelona-oberta-para-impulsar-una-movilidad-mas-accesible-y-sostenible%2F&text=El+Gremio+de+Garajes+de+Barcelona+y+Provincia+se+incorpora+a+Barcelona+Oberta+para+impulsar+una+movilidad+m%C3%A1s+accesible+y+sostenible\" target=\"_blank\" rel=\"noopener\" aria-label=\"X\">X<\/a>\n\t\t\t\t\t\t\t\t\t<a href=\"mailto:?subject=El+Gremio+de+Garajes+de+Barcelona+y+Provincia+se+incorpora+a+Barcelona+Oberta+para+impulsar+una+movilidad+m%C3%A1s+accesible+y+sostenible&body=https%3A%2F%2Fwww.gremidegaratges.com%2Fes%2Fel-gremio-de-garajes-de-barcelona-y-provincia-se-incorpora-a-barcelona-oberta-para-impulsar-una-movilidad-mas-accesible-y-sostenible%2F\" aria-label=\"Email\">@<\/a>\n\t\t\t\t\t\t\t\t<\/div>\n\t\t\t\t\t\t\t<\/div>\n\t\t\t\t\t\t<\/div>\n\t\t\t\t\t<\/div>\n\t\t\t\t<\/article>\n\t\t\t\t\n\t\t\t\t\t\t\t\t\t\t\t\n\t\t\t\t<article class=\"noticia-card\">\n\t\t\t\t\t<div class=\"noticia-card-content\">\n\t\t\t\t\t\t\t\t\t\t\t\t<span class=\"noticia-card-category\">\n\t\t\t\t\t\t\tACTUALIDAD\t\t\t\t\t\t<\/span>\n\t\t\t\t\t\t\t\t\t\t\t\t\n\t\t\t\t\t\t<h3 class=\"noticia-card-title\">\n\t\t\t\t\t\t\t<a href=\"https:\/\/www.gremidegaratges.com\/es\/el-gremio-de-garajes-de-barcelona-y-provincia-explica-en-catalunya-radio-la-adaptacion-de-las-plazas-de-aparcamiento-a-los-coches-mas-grandes\/\">El Gremio de Garajes de Barcelona y Provincia explica en Catalunya R\u00e0dio la adaptaci\u00f3n de las plazas de aparcamiento a los coches m\u00e1s grandes<\/a>\n\t\t\t\t\t\t<\/h3>\n\t\t\t\t\t\t\n\t\t\t\t\t\t<div class=\"noticia-card-date\">\n\t\t\t\t\t\t\t17\/11\/25\t\t\t\t\t\t<\/div>\n\t\t\t\t\t\t\n\t\t\t\t\t\t\t\t\t\t\t\t<div class=\"noticia-card-excerpt\">\n\t\t\t\t\t\t\tEl presidente del Gremio de Garajes de Barcelona y Provincia, Xavier Ferrer Card\u00f3, particip\u00f3 en el programa La Soluci\u00f3, presentado por Elisenda Carod, para hablar sobre uno de los retos...\t\t\t\t\t\t<\/div>\n\t\t\t\t\t\t\t\t\t\t\t\t\n\t\t\t\t\t\t<div class=\"noticia-card-footer\">\n\t\t\t\t\t\t\t<div class=\"esb-share-wrapper\">\n\t\t\t\t\t\t\t\t<a class=\"esb-main-button\" href=\"https:\/\/www.gremidegaratges.com\/es\/el-gremio-de-garajes-de-barcelona-y-provincia-explica-en-catalunya-radio-la-adaptacion-de-las-plazas-de-aparcamiento-a-los-coches-mas-grandes\/\">\n\t\t\t\t\t\t\t\t\tLEER M\u00c1S\t\t\t\t\t\t\t\t<\/a>\n\t\t\t\t\t\t\t\t<div class=\"esb-socials\">\n\t\t\t\t\t\t\t\t\t<a href=\"https:\/\/www.linkedin.com\/sharing\/share-offsite\/?url=https%3A%2F%2Fwww.gremidegaratges.com%2Fes%2Fel-gremio-de-garajes-de-barcelona-y-provincia-explica-en-catalunya-radio-la-adaptacion-de-las-plazas-de-aparcamiento-a-los-coches-mas-grandes%2F\" target=\"_blank\" rel=\"noopener\" aria-label=\"LinkedIn\">in<\/a>\n\t\t\t\t\t\t\t\t\t<a href=\"https:\/\/wa.me\/?text=https%3A%2F%2Fwww.gremidegaratges.com%2Fes%2Fel-gremio-de-garajes-de-barcelona-y-provincia-explica-en-catalunya-radio-la-adaptacion-de-las-plazas-de-aparcamiento-a-los-coches-mas-grandes%2F\" target=\"_blank\" rel=\"noopener\" aria-label=\"WhatsApp\">wa<\/a>\n\t\t\t\t\t\t\t\t\t<a href=\"https:\/\/twitter.com\/intent\/tweet?url=https%3A%2F%2Fwww.gremidegaratges.com%2Fes%2Fel-gremio-de-garajes-de-barcelona-y-provincia-explica-en-catalunya-radio-la-adaptacion-de-las-plazas-de-aparcamiento-a-los-coches-mas-grandes%2F&text=El+Gremio+de+Garajes+de+Barcelona+y+Provincia+explica+en+Catalunya+R%C3%A0dio+la+adaptaci%C3%B3n+de+las+plazas+de+aparcamiento+a+los+coches+m%C3%A1s+grandes\" target=\"_blank\" rel=\"noopener\" aria-label=\"X\">X<\/a>\n\t\t\t\t\t\t\t\t\t<a href=\"mailto:?subject=El+Gremio+de+Garajes+de+Barcelona+y+Provincia+explica+en+Catalunya+R%C3%A0dio+la+adaptaci%C3%B3n+de+las+plazas+de+aparcamiento+a+los+coches+m%C3%A1s+grandes&body=https%3A%2F%2Fwww.gremidegaratges.com%2Fes%2Fel-gremio-de-garajes-de-barcelona-y-provincia-explica-en-catalunya-radio-la-adaptacion-de-las-plazas-de-aparcamiento-a-los-coches-mas-grandes%2F\" aria-label=\"Email\">@<\/a>\n\t\t\t\t\t\t\t\t<\/div>\n\t\t\t\t\t\t\t<\/div>\n\t\t\t\t\t\t<\/div>\n\t\t\t\t\t<\/div>\n\t\t\t\t<\/article>\n\t\t\t\t\n\t\t\t\t\t<\/div>\n\t\t\n\t\t\t\t\t\t<\/div>\n\t\t\t\t<\/div>\n\t\t\t\t<\/div>\n\t\t\t\t<\/div>\n\t\t","protected":false},"excerpt":{"rendered":"<p>Gremio de Garajes de Barcelona y Provincia La nueva movilidad La nueva movilidad urbana est\u00e1 redefiniendo profundamente el papel de los garajes y los aparcamientos. La evoluci\u00f3n de los h\u00e1bitos de desplazamiento, la irrupci\u00f3n de nuevos veh\u00edculos y servicios y el objetivo compartido de reducir la congesti\u00f3n y la contaminaci\u00f3n han convertido estos espacios en [&hellip;]<\/p>\n","protected":false},"author":1,"featured_media":0,"parent":0,"menu_order":0,"comment_status":"closed","ping_status":"closed","template":"","meta":{"tpgb_global_settings":"","footnotes":""},"class_list":["post-4745","page","type-page","status-publish","hentry"],"tpgb_featured_images":null,"tpgb_post_meta_info":{"get_date":"20 de diciembre de 2025","get_modified_date":"30 de marzo de 2026","author_name":"munta","author_url":"https:\/\/www.gremidegaratges.com\/es\/author\/munta\/","author_email":"hola@3wtech.es","author_website":"https:\/\/www.gremidegaratges.com","author_description":"","author_facebook":"","author_twitter":"","author_instagram":"","author_role":["administrator"],"author_firstname":"","author_lastname":"","user_login":"munta","author_avatar":"<img alt='' src='https:\/\/secure.gravatar.com\/avatar\/31e91ed72a1e5cf7f07e9978b6807c308f3b4a3426b2c10a9761d3d3c1e4bf88?s=200&#038;d=mm&#038;r=g' srcset='https:\/\/secure.gravatar.com\/avatar\/31e91ed72a1e5cf7f07e9978b6807c308f3b4a3426b2c10a9761d3d3c1e4bf88?s=400&#038;d=mm&#038;r=g 2x' class='avatar avatar-200 photo' height='200' width='200' decoding='async'\/>","author_avatar_url":"https:\/\/secure.gravatar.com\/avatar\/31e91ed72a1e5cf7f07e9978b6807c308f3b4a3426b2c10a9761d3d3c1e4bf88?s=96&d=mm&r=g","comment_count":0,"post_likes":0,"post_views":0},"tpgb_post_category":[],"_links":{"self":[{"href":"https:\/\/www.gremidegaratges.com\/es\/wp-json\/wp\/v2\/pages\/4745","targetHints":{"allow":["GET"]}}],"collection":[{"href":"https:\/\/www.gremidegaratges.com\/es\/wp-json\/wp\/v2\/pages"}],"about":[{"href":"https:\/\/www.gremidegaratges.com\/es\/wp-json\/wp\/v2\/types\/page"}],"author":[{"embeddable":true,"href":"https:\/\/www.gremidegaratges.com\/es\/wp-json\/wp\/v2\/users\/1"}],"replies":[{"embeddable":true,"href":"https:\/\/www.gremidegaratges.com\/es\/wp-json\/wp\/v2\/comments?post=4745"}],"version-history":[{"count":1,"href":"https:\/\/www.gremidegaratges.com\/es\/wp-json\/wp\/v2\/pages\/4745\/revisions"}],"predecessor-version":[{"id":4746,"href":"https:\/\/www.gremidegaratges.com\/es\/wp-json\/wp\/v2\/pages\/4745\/revisions\/4746"}],"wp:attachment":[{"href":"https:\/\/www.gremidegaratges.com\/es\/wp-json\/wp\/v2\/media?parent=4745"}],"curies":[{"name":"wp","href":"https:\/\/api.w.org\/{rel}","templated":true}]}}